{"id":367,"date":"2026-01-11T00:40:12","date_gmt":"2026-01-10T23:40:12","guid":{"rendered":"https:\/\/www.autoimmune-help.com\/about\/"},"modified":"2026-04-10T00:45:07","modified_gmt":"2026-04-09T22:45:07","slug":"about","status":"publish","type":"page","link":"https:\/\/www.autoimmune-help.com\/en\/about\/","title":{"rendered":"About"},"content":{"rendered":"\n<div class=\"wp-block-group alignfull has-global-padding is-layout-constrained wp-container-core-group-is-layout-b5514305 wp-block-group-is-layout-constrained\" style=\"margin-top:0;margin-bottom:0;padding-top:0;padding-right:var(--wp--preset--spacing--50);padding-bottom:var(--wp--preset--spacing--50);padding-left:var(--wp--preset--spacing--50)\">\n<div class=\"wp-block-group alignwide has-global-padding is-layout-constrained wp-container-core-group-is-layout-71cdb808 wp-block-group-is-layout-constrained\" style=\"margin-top:0\">\n<div class=\"wp-block-group is-vertical is-content-justification-center is-layout-flex wp-container-core-group-is-layout-6329a8f3 wp-block-group-is-layout-flex\">\n<h2 class=\"wp-block-heading has-text-align-center is-style-asterisk has-large-font-size\"><strong>About me<\/strong><\/h2>\n<\/div>\n\n\n\n<div style=\"height:var(--wp--preset--spacing--40)\" aria-hidden=\"true\" class=\"wp-block-spacer\"><\/div>\n\n\n\n<div class=\"wp-block-columns alignwide is-layout-flex wp-container-core-columns-is-layout-d1c656ed wp-block-columns-is-layout-flex\">\n<div class=\"wp-block-column is-vertically-aligned-center is-layout-flow wp-block-column-is-layout-flow\" style=\"flex-basis:40%\">\n<p>I\u2019m Claudia, and I\u2019ve walked a long path of healing on many levels.<\/p>\n\n\n\n<p>Even as a child, I felt how much joy it brought me to listen to people, understand them, and support them. I always wanted to find ways for others to feel better within themselves and to reconnect with their own inner strength. That inner calling has stayed with me to this day.  <\/p>\n\n\n\n<p>My own experiences have shown me how fragile our sense of control can be, and how strong we truly are when we learn to trust our intuition and listen to ourselves. The time of my PAP 3D diagnoses, the challenges surrounding surgery and pregnancy, as well as my burnout in 2011, made it clear to me that self-empowerment is not a concept, it is a practice we can choose every day. I learned to listen to my body, to support it consciously, and to take responsibility for my own well-being, rather than relying on a system in which I am simply another unit of profit.  <\/p>\n\n\n\n<p>Today, I support people at exactly that point where I once stood many years ago, the place where they may sometimes feel overwhelmed, uncertain, or stuck.<\/p>\n\n\n\n<p>As a certified holistic health practitioner, Connecting Coach, and Reiki and meditation teacher, I combine knowledge, heart, and experience to find individual paths that truly fit. My goal is to show people that they already carry the strength within themselves to create lasting change in their lives and their health, and to give them the knowledge they need to do so. <\/p>\n\n\n\n<p>I don\u2019t work on changing people, I work on helping them discover their own strength and find their way back to it. Because what we carry within us is often greater than we believe. <\/p>\n<\/div>\n\n\n\n<div class=\"wp-block-column is-vertically-aligned-top is-layout-flow wp-block-column-is-layout-flow\" style=\"flex-basis:50%\">\n<figure class=\"wp-block-image aligncenter size-full is-resized is-style-rounded is-style-rounded--1\"><img loading=\"lazy\" decoding=\"async\" width=\"348\" height=\"348\" src=\"http:\/\/www.autoimmune-help.com\/wp-content\/uploads\/2026\/01\/ich-Foto-Webpage-3.png\" alt=\"\" class=\"wp-image-166\" style=\"aspect-ratio:1.0642174784762355;width:467px;height:auto\" srcset=\"https:\/\/www.autoimmune-help.com\/wp-content\/uploads\/2026\/01\/ich-Foto-Webpage-3.png 348w, https:\/\/www.autoimmune-help.com\/wp-content\/uploads\/2026\/01\/ich-Foto-Webpage-3-300x300.png 300w, https:\/\/www.autoimmune-help.com\/wp-content\/uploads\/2026\/01\/ich-Foto-Webpage-3-150x150.png 150w\" sizes=\"auto, (max-width: 348px) 100vw, 348px\" \/><\/figure>\n\n\n\n<h3 class=\"wp-block-heading has-text-align-center is-style-asterisk has-large-font-size\"><strong>Newsletter<\/strong> <\/h3>\n\n\n\n<p>Join my subscribers and stay up to date with everything you need to know.<\/p>\n\n\n\n<ul style=\"line-height:1.75\" class=\"wp-block-list is-style-checkmark-list\">\n<li>A world full of thought provoking articles.<\/li>\n\n\n\n<li>Case studies that foster self empowerment, presented in a clear and accessible way.<\/li>\n\n\n\n<li>Exclusive access to news, offers, and special insights.<\/li>\n<\/ul>\n\n\n\n\r\n<!-- Begin Brevo Form -->\r\n<!-- START - We recommend to place the below code in head tag of your website html  -->\r\n<style>\r\n  @font-face {\r\n    font-display: block;\r\n    font-family: Roboto;\r\n    src: url(https:\/\/assets.brevo.com\/font\/Roboto\/Latin\/normal\/normal\/7529907e9eaf8ebb5220c5f9850e3811.woff2) format(\"woff2\"), url(https:\/\/assets.brevo.com\/font\/Roboto\/Latin\/normal\/normal\/25c678feafdc175a70922a116c9be3e7.woff) format(\"woff\")\r\n  }\r\n\r\n  @font-face {\r\n    font-display: fallback;\r\n    font-family: Roboto;\r\n    font-weight: 600;\r\n    src: url(https:\/\/assets.brevo.com\/font\/Roboto\/Latin\/medium\/normal\/6e9caeeafb1f3491be3e32744bc30440.woff2) format(\"woff2\"), url(https:\/\/assets.brevo.com\/font\/Roboto\/Latin\/medium\/normal\/71501f0d8d5aa95960f6475d5487d4c2.woff) format(\"woff\")\r\n  }\r\n\r\n  @font-face {\r\n    font-display: fallback;\r\n    font-family: Roboto;\r\n    font-weight: 700;\r\n    src: url(https:\/\/assets.brevo.com\/font\/Roboto\/Latin\/bold\/normal\/3ef7cf158f310cf752d5ad08cd0e7e60.woff2) format(\"woff2\"), url(https:\/\/assets.brevo.com\/font\/Roboto\/Latin\/bold\/normal\/ece3a1d82f18b60bcce0211725c476aa.woff) format(\"woff\")\r\n  }\r\n\r\n  #sib-container input:-ms-input-placeholder {\r\n    text-align: left;\r\n    font-family: Helvetica, sans-serif;\r\n    color: #c0ccda;\r\n  }\r\n\r\n  #sib-container input::placeholder {\r\n    text-align: left;\r\n    font-family: Helvetica, sans-serif;\r\n    color: #c0ccda;\r\n  }\r\n\r\n  #sib-container textarea::placeholder {\r\n    text-align: left;\r\n    font-family: Helvetica, sans-serif;\r\n    color: #c0ccda;\r\n  }\r\n\r\n  #sib-container a {\r\n    text-decoration: underline;\r\n    color: #2BB2FC;\r\n  }\r\n<\/style>\r\n<link rel=\"stylesheet\" href=\"https:\/\/sibforms.com\/forms\/end-form\/build\/sib-styles.css\"\/>\r\n<!--  END - We recommend to place the above code in head tag of your website html -->\r\n\r\n<!-- START - We recommend to place the below code where you want the form in your website html  -->\r\n<div class=\"sib-form\" style=\"text-align: center; background-color: #ffffff;  \">\r\n  <div id=\"sib-form-container\" class=\"sib-form-container\">\r\n    <div id=\"error-message\" class=\"sib-form-message-panel\" style=\"font-size:16px; text-align:left; font-family:Helvetica, sans-serif; color:#661d1d; background-color:#ffeded; border-radius:3px; border-color:#ff4949;max-width:540px;\">\r\n      <div class=\"sib-form-message-panel__text sib-form-message-panel__text--center\">\r\n        <svg viewbox=\"0 0 512 512\" class=\"sib-icon sib-notification__icon\">\r\n          <path d=\"M256 40c118.621 0 216 96.075 216 216 0 119.291-96.61 216-216 216-119.244 0-216-96.562-216-216 0-119.203 96.602-216 216-216m0-32C119.043 8 8 119.083 8 256c0 136.997 111.043 248 248 248s248-111.003 248-248C504 119.083 392.957 8 256 8zm-11.49 120h22.979c6.823 0 12.274 5.682 11.99 12.5l-7 168c-.268 6.428-5.556 11.5-11.99 11.5h-8.979c-6.433 0-11.722-5.073-11.99-11.5l-7-168c-.283-6.818 5.167-12.5 11.99-12.5zM256 340c-15.464 0-28 12.536-28 28s12.536 28 28 28 28-12.536 28-28-12.536-28-28-28z\"><\/path>\r\n        <\/svg>\r\n        <span class=\"sib-form-message-panel__inner-text\">\r\n Your registration could not be saved. Please try again.\r\n                      <\/span>\r\n      <\/div>\r\n    <\/div>\r\n    <div><\/div>\r\n    <div id=\"success-message\" class=\"sib-form-message-panel\" style=\"font-size:16px; text-align:left; font-family:Helvetica, sans-serif; color:#085229; background-color:#e7faf0; border-radius:3px; border-color:#13ce66;max-width:540px;\">\r\n      <div class=\"sib-form-message-panel__text sib-form-message-panel__text--center\">\r\n        <svg viewbox=\"0 0 512 512\" class=\"sib-icon sib-notification__icon\">\r\n          <path d=\"M256 8C119.033 8 8 119.033 8 256s111.033 248 248 248 248-111.033 248-248S392.967 8 256 8zm0 464c-118.664 0-216-96.055-216-216 0-118.663 96.055-216 216-216 118.664 0 216 96.055 216 216 0 118.663-96.055 216-216 216zm141.63-274.961L217.15 376.071c-4.705 4.667-12.303 4.637-16.97-.068l-85.878-86.572c-4.667-4.705-4.637-12.303.068-16.97l8.52-8.451c4.705-4.667 12.303-4.637 16.97.068l68.976 69.533 163.441-162.13c4.705-4.667 12.303-4.637 16.97.068l8.451 8.52c4.668 4.705 4.637 12.303-.068 16.97z\"><\/path>\r\n        <\/svg>\r\n        <span class=\"sib-form-message-panel__inner-text\">\r\n Your registration was successful.\r\n                      <\/span>\r\n      <\/div>\r\n    <\/div>\r\n    <div><\/div>\r\n    <div id=\"sib-container\" class=\"sib-container--large sib-container--vertical\" style=\"text-align:center; background-color:rgba(255,255,255,1); max-width:540px; border-radius:3px; border-width:1px; border-color:#C0CCD9; border-style:solid; direction:ltr\">\r\n      <form id=\"sib-form\" method=\"POST\" action=\"https:\/\/110361fd.sibforms.com\/serve\/MUIFAJq7R0hR9d4iQydXm8yDeabGsmGYuud5YFoSfXHZDkqJbBlhlo7scA7Q5NMymQ0dyTwxd43qrcjuaYD-Ev5XdFEC_VO2OzNHUlZATmW4ETYGEV0W5TmTPh4XEGj0VND5zgoNtrRNzBA34ueyGQlKo1gPgBSB-qv8lS41MC0j4S7JR7YsXLP9U6RlPci2Yp4t97Jf01MZbH6w\" data-type=\"subscription\">\r\n        <div style=\"padding: 8px 0;\">\r\n          <div class=\"sib-input sib-form-block\">\r\n            <div class=\"form__entry entry_block\">\r\n              <div class=\"form__label-row \">\r\n                <label class=\"entry__label\" style=\"font-weight: 700; text-align:left; font-size:16px; text-align:left; font-weight:700; font-family:Helvetica, sans-serif; color:#3c4858;\" for=\"VORNAME\" data-required=\"*\">First name<\/label>\r\n\r\n                <div class=\"entry__field\">\r\n                  <input class=\"input \" maxlength=\"200\" type=\"text\" id=\"VORNAME\" name=\"VORNAME\" autocomplete=\"off\" placeholder=\"First name\" data-required=\"true\" required=\"\"\/>\r\n                <\/div>\r\n              <\/div>\r\n\r\n              <label class=\"entry__error entry__error--primary\" style=\"font-size:16px; text-align:left; font-family:Helvetica, sans-serif; color:#661d1d; background-color:#ffeded; border-radius:3px; border-color:#ff4949;\">\r\n              <\/label>\r\n            <\/div>\r\n          <\/div>\r\n        <\/div>\r\n        <div style=\"padding: 8px 0;\">\r\n          <div class=\"sib-input sib-form-block\">\r\n            <div class=\"form__entry entry_block\">\r\n              <div class=\"form__label-row \">\r\n                <label class=\"entry__label\" style=\"font-weight: 700; text-align:left; font-size:16px; text-align:left; font-weight:700; font-family:Helvetica, sans-serif; color:#3c4858;\" for=\"EMAIL\" data-required=\"*\">Your Email<\/label>\r\n\r\n                <div class=\"entry__field\">\r\n                  <input class=\"input \" type=\"text\" id=\"EMAIL\" name=\"EMAIL\" autocomplete=\"off\" placeholder=\"EMAIL\" data-required=\"true\" required=\"\"\/>\r\n                <\/div>\r\n              <\/div>\r\n\r\n              <label class=\"entry__error entry__error--primary\" style=\"font-size:16px; text-align:left; font-family:Helvetica, sans-serif; color:#661d1d; background-color:#ffeded; border-radius:3px; border-color:#ff4949;\">\r\n              <\/label>\r\n            <\/div>\r\n          <\/div>\r\n        <\/div>\r\n        <div style=\"padding: 8px 0;\">\r\n          <div class=\"g-recaptcha\" data-sitekey=\"6Ld2SUMsAAAAAB-hg1iFlqqYqXjWrkCZDeMfDujZ\" data-callback=\"invisibleCaptchaCallback\" data-size=\"invisible\" onclick=\"executeCaptcha\"><\/div>\r\n        <\/div>\r\n        <div style=\"padding: 8px 0;\">\r\n          <div class=\"sib-form-block\" style=\"text-align: left\">\r\n            <button class=\"sib-form-block__button sib-form-block__button-with-loader\" style=\"font-size:16px; text-align:left; font-weight:700; font-family:Helvetica, sans-serif; color:#FFFFFF; background-color:#3E4857; border-radius:3px; border-width:0px;\" form=\"sib-form\" type=\"submit\">\r\n              <svg class=\"icon clickable__icon progress-indicator__icon sib-hide-loader-icon\" viewbox=\"0 0 512 512\" style=\"\">\r\n                <path d=\"M460.116 373.846l-20.823-12.022c-5.541-3.199-7.54-10.159-4.663-15.874 30.137-59.886 28.343-131.652-5.386-189.946-33.641-58.394-94.896-95.833-161.827-99.676C261.028 55.961 256 50.751 256 44.352V20.309c0-6.904 5.808-12.337 12.703-11.982 83.556 4.306 160.163 50.864 202.11 123.677 42.063 72.696 44.079 162.316 6.031 236.832-3.14 6.148-10.75 8.461-16.728 5.01z\"><\/path>\r\n              <\/svg>\r\n REGISTRATION\r\n            <\/button>\r\n          <\/div>\r\n        <\/div>\r\n\r\n        <input type=\"text\" name=\"email_address_check\" value=\"\" class=\"input--hidden\"\/>\r\n        <input type=\"hidden\" name=\"locale\" value=\"de\"\/>\r\n      <\/form>\r\n    <\/div>\r\n  <\/div>\r\n<\/div>\r\n<!-- END - We recommend to place the above code where you want the form in your website html  -->\r\n\r\n<!-- START - We recommend to place the below code in footer or bottom of your website html  -->\r\n<script>\r\n  window.REQUIRED_CODE_ERROR_MESSAGE = 'W\u00e4hle bitte einen L\u00e4ndervorwahl aus.';\r\n  window.LOCALE = 'de';\r\n  window.EMAIL_INVALID_MESSAGE = window.SMS_INVALID_MESSAGE = \"Die eingegebenen Informationen sind nicht g\u00fcltig. Bitte \u00fcberpr\u00fcfe das Feldformat und versuche es erneut.\/The information you entered is invalid. Please check the field format and try again.\";\r\n\r\n  window.REQUIRED_ERROR_MESSAGE = \"Dieses Feld darf nicht leer sein.\/This field must not be empty. \";\r\n\r\n  window.GENERIC_INVALID_MESSAGE = \"Die eingegebenen Informationen sind nicht g\u00fcltig. Bitte \u00fcberpr\u00fcfe das Feldformat und versuche es erneut.\/The information you entered is invalid. Please check the field format and try again.\";\r\n\r\n\r\n\r\n\r\n  window.translation = {\r\n    common: {\r\n      selectedList: '{quantity} Liste ausgew\u00e4hlt',\r\n      selectedLists: '{quantity} Listen ausgew\u00e4hlt',\r\n      selectedOption: '{quantity} ausgew\u00e4hlt',\r\n      selectedOptions: '{quantity} ausgew\u00e4hlt',\r\n    }\r\n  };\r\n\r\n  var AUTOHIDE = Boolean(0);\r\n<\/script>\r\n\r\n<script defer=\"defer\" src=\"https:\/\/sibforms.com\/forms\/end-form\/build\/main.js\"><\/script>\r\n\r\n<script src=\"https:\/\/www.google.com\/recaptcha\/api.js?hl=de\"><\/script>\r\n\r\n<!-- END - We recommend to place the above code in footer or bottom of your website html  -->\r\n<!-- End Brevo Form -->\r\n<\/div>\n<\/div>\n<\/div>\n<\/div>\n\n<p class=\"kt-adv-heading202_124f2c-df wp-block-kadence-advancedheading\" data-kb-block=\"kb-adv-heading202_124f2c-df\">If you are ready to look deeper and understand the underlying connections behind your symptoms, I will guide you through it.<\/p>\n\n<div class=\"wp-block-buttons is-content-justification-center is-layout-flex wp-container-core-buttons-is-layout-7f3d521b wp-block-buttons-is-layout-flex\" style=\"margin-bottom:var(--wp--preset--spacing--10)\">\n<div class=\"wp-block-button\"><a class=\"wp-block-button__link wp-element-button\" href=\"https:\/\/meet.brevo.com\/claudia-garrido-luque\" target=\"_blank\" rel=\"noopener\">Book a session<\/a><\/div>\n<\/div>\n\n<p><\/p>\n","protected":false},"excerpt":{"rendered":"<p>About me I\u2019m Claudia, and I\u2019ve walked a long path of healing on many levels. Even as a child, I felt how much joy it brought me to listen to people, understand them, and support them. I always wanted to find ways for others to feel better within themselves and to reconnect with their own [&hellip;]<\/p>\n","protected":false},"author":2,"featured_media":0,"parent":0,"menu_order":0,"comment_status":"closed","ping_status":"closed","template":"","meta":{"footnotes":""},"class_list":["post-367","page","type-page","status-publish","hentry"],"_links":{"self":[{"href":"https:\/\/www.autoimmune-help.com\/en\/wp-json\/wp\/v2\/pages\/367","targetHints":{"allow":["GET"]}}],"collection":[{"href":"https:\/\/www.autoimmune-help.com\/en\/wp-json\/wp\/v2\/pages"}],"about":[{"href":"https:\/\/www.autoimmune-help.com\/en\/wp-json\/wp\/v2\/types\/page"}],"author":[{"embeddable":true,"href":"https:\/\/www.autoimmune-help.com\/en\/wp-json\/wp\/v2\/users\/2"}],"replies":[{"embeddable":true,"href":"https:\/\/www.autoimmune-help.com\/en\/wp-json\/wp\/v2\/comments?post=367"}],"version-history":[{"count":4,"href":"https:\/\/www.autoimmune-help.com\/en\/wp-json\/wp\/v2\/pages\/367\/revisions"}],"predecessor-version":[{"id":633,"href":"https:\/\/www.autoimmune-help.com\/en\/wp-json\/wp\/v2\/pages\/367\/revisions\/633"}],"wp:attachment":[{"href":"https:\/\/www.autoimmune-help.com\/en\/wp-json\/wp\/v2\/media?parent=367"}],"curies":[{"name":"wp","href":"https:\/\/api.w.org\/{rel}","templated":true}]}}