{"id":534,"date":"2026-01-07T18:27:26","date_gmt":"2026-01-07T17:27:26","guid":{"rendered":"https:\/\/www.autoimmune-help.com\/terminos-y-condiciones\/"},"modified":"2026-04-06T03:17:04","modified_gmt":"2026-04-06T01:17:04","slug":"terminos-y-condiciones","status":"publish","type":"page","link":"https:\/\/www.autoimmune-help.com\/es\/terminos-y-condiciones\/","title":{"rendered":"T\u00e9rminos y Condiciones"},"content":{"rendered":"\n<p><strong>T\u00e9rminos y Condiciones Generales (TCG) para Autimmune-Help.com<\/strong><\/p>\n\n<p><strong>1. \u00c1mbito de aplicaci\u00f3n<\/strong><br\/>Estas Condiciones Generales se aplican a todos los servicios, asesor\u00edas y sesiones de coaching ofrecidos a trav\u00e9s de Autimmune-Help.com. Al reservar un servicio, la clienta o el cliente acepta estas condiciones.<br\/><br\/> <\/p>\n\n<p><strong>2.Alcance de los servicios<\/strong><br\/>Autimmune-Help.com ofrece asesor\u00eda de salud hol\u00edstica, coaching y acompa\u00f1amiento. Los contenidos tienen fines informativos y de apoyo, pero no sustituyen un diagn\u00f3stico, tratamiento o terapia m\u00e9dica realizada por m\u00e9dicos u otros profesionales de la salud. <\/p>\n\n<p><strong>3. Reserva y remuneraci\u00f3n<\/strong><br\/>Los servicios se facturan por cada hora comenzada. La tarifa por hora es de 90 euros. Los servicios ya pagados no se reembolsan si se utilizan parcial o totalmente. Las preguntas o consultas realizadas a trav\u00e9s de WhatsApp dentro de la hora pagada se atender\u00e1n hasta que se haya consumido el tiempo reservado.   <\/p>\n\n<p><strong>4. Modalidades de pago<\/strong><br\/>El pago se realiza por adelantado mediante transferencia bancaria o a trav\u00e9s del m\u00e9todo de pago indicado en el sitio web.<\/p>\n\n<p><strong>5. Cancelaci\u00f3n y cambio de fecha<\/strong><br\/>Las citas acordadas pueden reprogramarse sin coste hasta 48 horas antes. En caso de cancelaci\u00f3n posterior o de no presentarse, se cobrar\u00e1 la hora completa. <\/p>\n\n<p><strong>6. Responsabilidad<\/strong><br\/>Autimmune-Help.com no asume responsabilidad por da\u00f1os a la salud o consecuencias derivadas de la aplicaci\u00f3n de la asesor\u00eda o de las recomendaciones. Cada clienta o cliente act\u00faa bajo su propia responsabilidad. <\/p>\n\n<p><strong>7. Datenschutz<\/strong><br\/>Los datos de los clientes se tratan de acuerdo con la pol\u00edtica de privacidad. No se ceden a terceros. <\/p>\n\n<p><strong>8. Schlussbestimmungen<\/strong><br\/>Se aplicar\u00e1 la legislaci\u00f3n de la Rep\u00fablica Dominicana. Si alguna disposici\u00f3n de estos t\u00e9rminos y condiciones resultara inv\u00e1lida, la validez de las dem\u00e1s disposiciones no se ver\u00e1 afectada.<br\/> <br\/> <br\/> <br\/> <br\/> <br\/> <br\/> <br\/> <br\/><br\/> <br\/> <\/p>\n","protected":false},"excerpt":{"rendered":"<p>T\u00e9rminos y Condiciones Generales (TCG) para Autimmune-Help.com 1. \u00c1mbito de aplicaci\u00f3nEstas Condiciones Generales se aplican a todos los servicios, asesor\u00edas y sesiones de coaching ofrecidos a trav\u00e9s de Autimmune-Help.com. Al reservar un servicio, la clienta o el cliente acepta estas condiciones. 2.Alcance de los serviciosAutimmune-Help.com ofrece asesor\u00eda de salud hol\u00edstica, coaching y acompa\u00f1amiento. Los contenidos [&hellip;]<\/p>\n","protected":false},"author":2,"featured_media":0,"parent":0,"menu_order":0,"comment_status":"closed","ping_status":"closed","template":"","meta":{"footnotes":""},"class_list":["post-534","page","type-page","status-publish","hentry"],"_links":{"self":[{"href":"https:\/\/www.autoimmune-help.com\/es\/wp-json\/wp\/v2\/pages\/534","targetHints":{"allow":["GET"]}}],"collection":[{"href":"https:\/\/www.autoimmune-help.com\/es\/wp-json\/wp\/v2\/pages"}],"about":[{"href":"https:\/\/www.autoimmune-help.com\/es\/wp-json\/wp\/v2\/types\/page"}],"author":[{"embeddable":true,"href":"https:\/\/www.autoimmune-help.com\/es\/wp-json\/wp\/v2\/users\/2"}],"replies":[{"embeddable":true,"href":"https:\/\/www.autoimmune-help.com\/es\/wp-json\/wp\/v2\/comments?post=534"}],"version-history":[{"count":7,"href":"https:\/\/www.autoimmune-help.com\/es\/wp-json\/wp\/v2\/pages\/534\/revisions"}],"predecessor-version":[{"id":584,"href":"https:\/\/www.autoimmune-help.com\/es\/wp-json\/wp\/v2\/pages\/534\/revisions\/584"}],"wp:attachment":[{"href":"https:\/\/www.autoimmune-help.com\/es\/wp-json\/wp\/v2\/media?parent=534"}],"curies":[{"name":"wp","href":"https:\/\/api.w.org\/{rel}","templated":true}]}}