{"id":543,"date":"2026-01-11T01:48:56","date_gmt":"2026-01-11T00:48:56","guid":{"rendered":"https:\/\/www.autoimmune-help.com\/referencias\/"},"modified":"2026-01-27T23:37:21","modified_gmt":"2026-01-27T22:37:21","slug":"referencias","status":"publish","type":"page","link":"https:\/\/www.autoimmune-help.com\/es\/referencias\/","title":{"rendered":"Referencias"},"content":{"rendered":"\n<h2 class=\"wp-block-heading has-text-align-center is-style-asterisk has-large-font-size\">Testimonios<\/h2>\n<div class=\"kb-row-layout-wrap kb-row-layout-id243_7899dd-fb alignfull has-theme-palette8-background-color kt-row-has-bg wp-block-kadence-rowlayout\"><div class=\"kt-row-column-wrap kt-has-3-columns kt-row-layout-equal kt-tab-layout-last-row kt-mobile-layout-row kt-row-valign-top\">\n\n<div class=\"wp-block-kadence-column kadence-column243_ecda6d-a6 inner-column-1\"><div class=\"kt-inside-inner-col\"><div class=\"kt-blocks-testimonials-wrap243_7f4fe1-85 kt-testimonial-halign-center kt-testimonial-style-basic kt-testimonials-media-off kt-testimonials-icon-off kt-testimonial-columns-1 kt-t-xxl-col-1 kt-t-xl-col-1 kt-t-lg-col-1 kt-t-md-col-1 kt-t-sm-col-1 kt-t-xs-col-1 wp-block-kadence-testimonials\"><ul class=\"kt-blocks-testimonials-inner-wrap kt-testimonial-grid-wrap\">\n<li class=\"kt-testimonial-grid-item\"><div class=\"kt-testimonial-item-wrap kt-testimonial-item-243_40dc88-6e wp-block-kadence-testimonial\"><div class=\"kt-testimonial-text-wrap\"><div class=\"kt-testimonial-rating-wrap kt-testimonial-rating-5\" role=\"img\" aria-label=\"5 de 5 estrellas\"><div class=\"kt-svg-testimonial-rating-icon kt-svg-testimonial-rating-icon-1\" aria-hidden=\"true\"><svg viewBox=\"0 0 576 512\"  fill=\"currentColor\" stroke=\"currentColor\" stroke-width=\"22\" stroke-linecap=\"round\" stroke-linejoin=\"round\" xmlns=\"http:\/\/www.w3.org\/2000\/svg\"   height=\"22\" width=\"22\" aria-hidden=\"true\" role=\"img\"><path d=\"M259.3 17.8L194 150.2 47.9 171.5c-26.2 3.8-36.7 36.1-17.7 54.6l105.7 103-25 145.5c-4.5 26.3 23.2 46 46.4 33.7L288 439.6l130.7 68.7c23.2 12.2 50.9-7.4 46.4-33.7l-25-145.5 105.7-103c19-18.5 8.5-50.8-17.7-54.6L382 150.2 316.7 17.8c-11.7-23.6-45.6-23.9-57.4 0z\"\/><\/svg><\/div><div class=\"kt-svg-testimonial-rating-icon kt-svg-testimonial-rating-icon-2\" aria-hidden=\"true\"><svg viewBox=\"0 0 576 512\"  fill=\"currentColor\" stroke=\"currentColor\" stroke-width=\"22\" stroke-linecap=\"round\" stroke-linejoin=\"round\" xmlns=\"http:\/\/www.w3.org\/2000\/svg\"   height=\"22\" width=\"22\" aria-hidden=\"true\" role=\"img\"><path d=\"M259.3 17.8L194 150.2 47.9 171.5c-26.2 3.8-36.7 36.1-17.7 54.6l105.7 103-25 145.5c-4.5 26.3 23.2 46 46.4 33.7L288 439.6l130.7 68.7c23.2 12.2 50.9-7.4 46.4-33.7l-25-145.5 105.7-103c19-18.5 8.5-50.8-17.7-54.6L382 150.2 316.7 17.8c-11.7-23.6-45.6-23.9-57.4 0z\"\/><\/svg><\/div><div class=\"kt-svg-testimonial-rating-icon kt-svg-testimonial-rating-icon-3\" aria-hidden=\"true\"><svg viewBox=\"0 0 576 512\"  fill=\"currentColor\" stroke=\"currentColor\" stroke-width=\"22\" stroke-linecap=\"round\" stroke-linejoin=\"round\" xmlns=\"http:\/\/www.w3.org\/2000\/svg\"   height=\"22\" width=\"22\" aria-hidden=\"true\" role=\"img\"><path d=\"M259.3 17.8L194 150.2 47.9 171.5c-26.2 3.8-36.7 36.1-17.7 54.6l105.7 103-25 145.5c-4.5 26.3 23.2 46 46.4 33.7L288 439.6l130.7 68.7c23.2 12.2 50.9-7.4 46.4-33.7l-25-145.5 105.7-103c19-18.5 8.5-50.8-17.7-54.6L382 150.2 316.7 17.8c-11.7-23.6-45.6-23.9-57.4 0z\"\/><\/svg><\/div><div class=\"kt-svg-testimonial-rating-icon kt-svg-testimonial-rating-icon-4\" aria-hidden=\"true\"><svg viewBox=\"0 0 576 512\"  fill=\"currentColor\" stroke=\"currentColor\" stroke-width=\"22\" stroke-linecap=\"round\" stroke-linejoin=\"round\" xmlns=\"http:\/\/www.w3.org\/2000\/svg\"   height=\"22\" width=\"22\" aria-hidden=\"true\" role=\"img\"><path d=\"M259.3 17.8L194 150.2 47.9 171.5c-26.2 3.8-36.7 36.1-17.7 54.6l105.7 103-25 145.5c-4.5 26.3 23.2 46 46.4 33.7L288 439.6l130.7 68.7c23.2 12.2 50.9-7.4 46.4-33.7l-25-145.5 105.7-103c19-18.5 8.5-50.8-17.7-54.6L382 150.2 316.7 17.8c-11.7-23.6-45.6-23.9-57.4 0z\"\/><\/svg><\/div><div class=\"kt-svg-testimonial-rating-icon kt-svg-testimonial-rating-icon-5\" aria-hidden=\"true\"><svg viewBox=\"0 0 576 512\"  fill=\"currentColor\" stroke=\"currentColor\" stroke-width=\"22\" stroke-linecap=\"round\" stroke-linejoin=\"round\" xmlns=\"http:\/\/www.w3.org\/2000\/svg\"   height=\"22\" width=\"22\" aria-hidden=\"true\" role=\"img\"><path d=\"M259.3 17.8L194 150.2 47.9 171.5c-26.2 3.8-36.7 36.1-17.7 54.6l105.7 103-25 145.5c-4.5 26.3 23.2 46 46.4 33.7L288 439.6l130.7 68.7c23.2 12.2 50.9-7.4 46.4-33.7l-25-145.5 105.7-103c19-18.5 8.5-50.8-17.7-54.6L382 150.2 316.7 17.8c-11.7-23.6-45.6-23.9-57.4 0z\"\/><\/svg><\/div><\/div><div class=\"kt-testimonial-content-wrap\"><blockquote class=\"kt-testimonial-content\">Puedo recomendar a Claudia sin ninguna reserva. Es una profesional certificada en salud hol\u00edstica y Connecting Coach muy emp\u00e1tica, que siempre considera la salud, la vida cotidiana y los temas personales en conjunto. Claudia se toma mucho tiempo, escucha con atenci\u00f3n y te trata en todo momento con apertura, calma y sin juzgar. Con ella puedes compartirlo todo y te sientes tomada en serio. Valoro especialmente su r\u00e1pida disponibilidad y que incluso despu\u00e9s vuelve a preguntar c\u00f3mo te encuentras, lo que genera una gran sensaci\u00f3n de seguridad. Me ha apoyado en muchos \u00e1mbitos, entre ellos en molestias recurrentes de la vejiga, para las que antes depend\u00eda con frecuencia de antibi\u00f3ticos. Gracias a su acompa\u00f1amiento hol\u00edstico, he conocido nuevos caminos que me resultaron muy \u00fatiles. Claudia trabaja con honestidad, de manera individual y con un compromiso palpable. Tambi\u00e9n considero que sus precios son justos. Ya la he recomendado varias veces y solo he recibido comentarios positivos. Para m\u00ed, un acompa\u00f1amiento excepcional, tanto en lo profesional como en lo humano. Recomendaci\u00f3n absoluta.<br> <br> <br> <br> <br> <br> <br> <br>           <br><br><\/blockquote><\/div><\/div><div class=\"kt-testimonial-meta-wrap\"><div class=\"kt-testimonial-meta-name-wrap\"><div class=\"kt-testimonial-name-wrap\"><div class=\"kt-testimonial-name\">Amy K.<\/div><\/div><div class=\"kt-testimonial-occupation-wrap\"><div class=\"kt-testimonial-occupation\"><\/div><\/div><\/div><\/div><\/div><\/li>\n<\/ul><\/div><\/div><\/div>\n\n\n\n<div class=\"wp-block-kadence-column kadence-column243_e2ca28-e2 inner-column-1\"><div class=\"kt-inside-inner-col\"><div class=\"kt-blocks-testimonials-wrap243_feb8d0-4d kt-testimonial-halign-center kt-testimonial-style-basic kt-testimonials-media-off kt-testimonials-icon-off kt-testimonial-columns-1 kt-t-xxl-col-1 kt-t-xl-col-1 kt-t-lg-col-1 kt-t-md-col-1 kt-t-sm-col-1 kt-t-xs-col-1 wp-block-kadence-testimonials\"><ul class=\"kt-blocks-testimonials-inner-wrap kt-testimonial-grid-wrap\">\n<li class=\"kt-testimonial-grid-item\"><div class=\"kt-testimonial-item-wrap kt-testimonial-item-243_8ec60d-0b wp-block-kadence-testimonial\"><div class=\"kt-testimonial-text-wrap\"><div class=\"kt-testimonial-rating-wrap kt-testimonial-rating-5\" role=\"img\" aria-label=\"5 de 5 estrellas\"><div class=\"kt-svg-testimonial-rating-icon kt-svg-testimonial-rating-icon-1\" aria-hidden=\"true\"><svg viewBox=\"0 0 576 512\"  fill=\"currentColor\" stroke=\"currentColor\" stroke-width=\"22\" stroke-linecap=\"round\" stroke-linejoin=\"round\" xmlns=\"http:\/\/www.w3.org\/2000\/svg\"   height=\"22\" width=\"22\" aria-hidden=\"true\" role=\"img\"><path d=\"M259.3 17.8L194 150.2 47.9 171.5c-26.2 3.8-36.7 36.1-17.7 54.6l105.7 103-25 145.5c-4.5 26.3 23.2 46 46.4 33.7L288 439.6l130.7 68.7c23.2 12.2 50.9-7.4 46.4-33.7l-25-145.5 105.7-103c19-18.5 8.5-50.8-17.7-54.6L382 150.2 316.7 17.8c-11.7-23.6-45.6-23.9-57.4 0z\"\/><\/svg><\/div><div class=\"kt-svg-testimonial-rating-icon kt-svg-testimonial-rating-icon-2\" aria-hidden=\"true\"><svg viewBox=\"0 0 576 512\"  fill=\"currentColor\" stroke=\"currentColor\" stroke-width=\"22\" stroke-linecap=\"round\" stroke-linejoin=\"round\" xmlns=\"http:\/\/www.w3.org\/2000\/svg\"   height=\"22\" width=\"22\" aria-hidden=\"true\" role=\"img\"><path d=\"M259.3 17.8L194 150.2 47.9 171.5c-26.2 3.8-36.7 36.1-17.7 54.6l105.7 103-25 145.5c-4.5 26.3 23.2 46 46.4 33.7L288 439.6l130.7 68.7c23.2 12.2 50.9-7.4 46.4-33.7l-25-145.5 105.7-103c19-18.5 8.5-50.8-17.7-54.6L382 150.2 316.7 17.8c-11.7-23.6-45.6-23.9-57.4 0z\"\/><\/svg><\/div><div class=\"kt-svg-testimonial-rating-icon kt-svg-testimonial-rating-icon-3\" aria-hidden=\"true\"><svg viewBox=\"0 0 576 512\"  fill=\"currentColor\" stroke=\"currentColor\" stroke-width=\"22\" stroke-linecap=\"round\" stroke-linejoin=\"round\" xmlns=\"http:\/\/www.w3.org\/2000\/svg\"   height=\"22\" width=\"22\" aria-hidden=\"true\" role=\"img\"><path d=\"M259.3 17.8L194 150.2 47.9 171.5c-26.2 3.8-36.7 36.1-17.7 54.6l105.7 103-25 145.5c-4.5 26.3 23.2 46 46.4 33.7L288 439.6l130.7 68.7c23.2 12.2 50.9-7.4 46.4-33.7l-25-145.5 105.7-103c19-18.5 8.5-50.8-17.7-54.6L382 150.2 316.7 17.8c-11.7-23.6-45.6-23.9-57.4 0z\"\/><\/svg><\/div><div class=\"kt-svg-testimonial-rating-icon kt-svg-testimonial-rating-icon-4\" aria-hidden=\"true\"><svg viewBox=\"0 0 576 512\"  fill=\"currentColor\" stroke=\"currentColor\" stroke-width=\"22\" stroke-linecap=\"round\" stroke-linejoin=\"round\" xmlns=\"http:\/\/www.w3.org\/2000\/svg\"   height=\"22\" width=\"22\" aria-hidden=\"true\" role=\"img\"><path d=\"M259.3 17.8L194 150.2 47.9 171.5c-26.2 3.8-36.7 36.1-17.7 54.6l105.7 103-25 145.5c-4.5 26.3 23.2 46 46.4 33.7L288 439.6l130.7 68.7c23.2 12.2 50.9-7.4 46.4-33.7l-25-145.5 105.7-103c19-18.5 8.5-50.8-17.7-54.6L382 150.2 316.7 17.8c-11.7-23.6-45.6-23.9-57.4 0z\"\/><\/svg><\/div><div class=\"kt-svg-testimonial-rating-icon kt-svg-testimonial-rating-icon-5\" aria-hidden=\"true\"><svg viewBox=\"0 0 576 512\"  fill=\"currentColor\" stroke=\"currentColor\" stroke-width=\"22\" stroke-linecap=\"round\" stroke-linejoin=\"round\" xmlns=\"http:\/\/www.w3.org\/2000\/svg\"   height=\"22\" width=\"22\" aria-hidden=\"true\" role=\"img\"><path d=\"M259.3 17.8L194 150.2 47.9 171.5c-26.2 3.8-36.7 36.1-17.7 54.6l105.7 103-25 145.5c-4.5 26.3 23.2 46 46.4 33.7L288 439.6l130.7 68.7c23.2 12.2 50.9-7.4 46.4-33.7l-25-145.5 105.7-103c19-18.5 8.5-50.8-17.7-54.6L382 150.2 316.7 17.8c-11.7-23.6-45.6-23.9-57.4 0z\"\/><\/svg><\/div><\/div><div class=\"kt-testimonial-content-wrap\"><blockquote class=\"kt-testimonial-content\">Querida Claudia, te agradezco de coraz\u00f3n tu maravillosa ayuda en mi camino para controlar mi enfermedad de Crohn sin medicamentos. Con cada pregunta siempre me apoyas de manera detallada y f\u00e1cil de comprender. Me siento muy bien acompa\u00f1ada contigo y estoy tan agradecida de haber podido obtener tu contacto a trav\u00e9s de una conocida. Tengo muchas ganas de las pr\u00f3ximas semanas. Con apenas dos semanas, estamos todav\u00eda al principio y no espero milagros en tan poco tiempo. Aun as\u00ed, ya noto un cambio positivo en mi cuerpo. Me das muchas sugerencias, pero me dejas decidir qu\u00e9 acepto y pongo en pr\u00e1ctica y qu\u00e9 no. Sin levantar el dedo para rega\u00f1ar. Es una colaboraci\u00f3n de igual a igual.       <br><\/blockquote><\/div><\/div><div class=\"kt-testimonial-meta-wrap\"><div class=\"kt-testimonial-meta-name-wrap\"><div class=\"kt-testimonial-name-wrap\"><div class=\"kt-testimonial-name\">Bettina K.<\/div><\/div><div class=\"kt-testimonial-occupation-wrap\"><div class=\"kt-testimonial-occupation\"><\/div><\/div><\/div><\/div><\/div><\/li>\n<\/ul><\/div><\/div><\/div>\n\n\n\n<div class=\"wp-block-kadence-column kadence-column243_a189d3-4c inner-column-1\"><div class=\"kt-inside-inner-col\"><div class=\"kt-blocks-testimonials-wrap243_98af7f-b6 kt-testimonial-halign-center kt-testimonial-style-basic kt-testimonials-media-off kt-testimonials-icon-off kt-testimonial-columns-1 kt-t-xxl-col-1 kt-t-xl-col-1 kt-t-lg-col-1 kt-t-md-col-1 kt-t-sm-col-1 kt-t-xs-col-1 wp-block-kadence-testimonials\"><ul class=\"kt-blocks-testimonials-inner-wrap kt-testimonial-grid-wrap\">\n<li class=\"kt-testimonial-grid-item\"><div class=\"kt-testimonial-item-wrap kt-testimonial-item-243_8946e9-ac wp-block-kadence-testimonial\"><div class=\"kt-testimonial-text-wrap\"><div class=\"kt-testimonial-rating-wrap kt-testimonial-rating-5\" role=\"img\" aria-label=\"5 de 5 estrellas\"><div class=\"kt-svg-testimonial-rating-icon kt-svg-testimonial-rating-icon-1\" aria-hidden=\"true\"><svg viewBox=\"0 0 576 512\"  fill=\"currentColor\" stroke=\"currentColor\" stroke-width=\"22\" stroke-linecap=\"round\" stroke-linejoin=\"round\" xmlns=\"http:\/\/www.w3.org\/2000\/svg\"   height=\"22\" width=\"22\" aria-hidden=\"true\" role=\"img\"><path d=\"M259.3 17.8L194 150.2 47.9 171.5c-26.2 3.8-36.7 36.1-17.7 54.6l105.7 103-25 145.5c-4.5 26.3 23.2 46 46.4 33.7L288 439.6l130.7 68.7c23.2 12.2 50.9-7.4 46.4-33.7l-25-145.5 105.7-103c19-18.5 8.5-50.8-17.7-54.6L382 150.2 316.7 17.8c-11.7-23.6-45.6-23.9-57.4 0z\"\/><\/svg><\/div><div class=\"kt-svg-testimonial-rating-icon kt-svg-testimonial-rating-icon-2\" aria-hidden=\"true\"><svg viewBox=\"0 0 576 512\"  fill=\"currentColor\" stroke=\"currentColor\" stroke-width=\"22\" stroke-linecap=\"round\" stroke-linejoin=\"round\" xmlns=\"http:\/\/www.w3.org\/2000\/svg\"   height=\"22\" width=\"22\" aria-hidden=\"true\" role=\"img\"><path d=\"M259.3 17.8L194 150.2 47.9 171.5c-26.2 3.8-36.7 36.1-17.7 54.6l105.7 103-25 145.5c-4.5 26.3 23.2 46 46.4 33.7L288 439.6l130.7 68.7c23.2 12.2 50.9-7.4 46.4-33.7l-25-145.5 105.7-103c19-18.5 8.5-50.8-17.7-54.6L382 150.2 316.7 17.8c-11.7-23.6-45.6-23.9-57.4 0z\"\/><\/svg><\/div><div class=\"kt-svg-testimonial-rating-icon kt-svg-testimonial-rating-icon-3\" aria-hidden=\"true\"><svg viewBox=\"0 0 576 512\"  fill=\"currentColor\" stroke=\"currentColor\" stroke-width=\"22\" stroke-linecap=\"round\" stroke-linejoin=\"round\" xmlns=\"http:\/\/www.w3.org\/2000\/svg\"   height=\"22\" width=\"22\" aria-hidden=\"true\" role=\"img\"><path d=\"M259.3 17.8L194 150.2 47.9 171.5c-26.2 3.8-36.7 36.1-17.7 54.6l105.7 103-25 145.5c-4.5 26.3 23.2 46 46.4 33.7L288 439.6l130.7 68.7c23.2 12.2 50.9-7.4 46.4-33.7l-25-145.5 105.7-103c19-18.5 8.5-50.8-17.7-54.6L382 150.2 316.7 17.8c-11.7-23.6-45.6-23.9-57.4 0z\"\/><\/svg><\/div><div class=\"kt-svg-testimonial-rating-icon kt-svg-testimonial-rating-icon-4\" aria-hidden=\"true\"><svg viewBox=\"0 0 576 512\"  fill=\"currentColor\" stroke=\"currentColor\" stroke-width=\"22\" stroke-linecap=\"round\" stroke-linejoin=\"round\" xmlns=\"http:\/\/www.w3.org\/2000\/svg\"   height=\"22\" width=\"22\" aria-hidden=\"true\" role=\"img\"><path d=\"M259.3 17.8L194 150.2 47.9 171.5c-26.2 3.8-36.7 36.1-17.7 54.6l105.7 103-25 145.5c-4.5 26.3 23.2 46 46.4 33.7L288 439.6l130.7 68.7c23.2 12.2 50.9-7.4 46.4-33.7l-25-145.5 105.7-103c19-18.5 8.5-50.8-17.7-54.6L382 150.2 316.7 17.8c-11.7-23.6-45.6-23.9-57.4 0z\"\/><\/svg><\/div><div class=\"kt-svg-testimonial-rating-icon kt-svg-testimonial-rating-icon-5\" aria-hidden=\"true\"><svg viewBox=\"0 0 576 512\"  fill=\"currentColor\" stroke=\"currentColor\" stroke-width=\"22\" stroke-linecap=\"round\" stroke-linejoin=\"round\" xmlns=\"http:\/\/www.w3.org\/2000\/svg\"   height=\"22\" width=\"22\" aria-hidden=\"true\" role=\"img\"><path d=\"M259.3 17.8L194 150.2 47.9 171.5c-26.2 3.8-36.7 36.1-17.7 54.6l105.7 103-25 145.5c-4.5 26.3 23.2 46 46.4 33.7L288 439.6l130.7 68.7c23.2 12.2 50.9-7.4 46.4-33.7l-25-145.5 105.7-103c19-18.5 8.5-50.8-17.7-54.6L382 150.2 316.7 17.8c-11.7-23.6-45.6-23.9-57.4 0z\"\/><\/svg><\/div><\/div><div class=\"kt-testimonial-content-wrap\"><blockquote class=\"kt-testimonial-content\">Querida Claudia, quiero agradecerte de todo coraz\u00f3n el acompa\u00f1amiento que nos brindaste a mi hija y a m\u00ed. Fuiste una gran ayuda, porque nos abriste las puertas a un mundo que antes no conoc\u00edamos. Tu humanidad y tu cercan\u00eda fueron de un valor incalculable para mi hija. Ella ha empezado a cuidar mejor de su cuerpo y de su mente. Mientras tanto, est\u00e1 en Granada. Seguimos en contacto. Muchas gracias por todo.      <br><br><\/blockquote><\/div><\/div><div class=\"kt-testimonial-meta-wrap\"><div class=\"kt-testimonial-meta-name-wrap\"><div class=\"kt-testimonial-name-wrap\"><div class=\"kt-testimonial-name\">Elena de C.<\/div><\/div><div class=\"kt-testimonial-occupation-wrap\"><div class=\"kt-testimonial-occupation\"><\/div><\/div><\/div><\/div><\/div><\/li>\n<\/ul><\/div><\/div><\/div>\n\n<\/div><\/div>","protected":false},"excerpt":{"rendered":"<p>Testimonios<\/p>\n","protected":false},"author":2,"featured_media":0,"parent":0,"menu_order":0,"comment_status":"closed","ping_status":"closed","template":"","meta":{"footnotes":""},"class_list":["post-543","page","type-page","status-publish","hentry"],"_links":{"self":[{"href":"https:\/\/www.autoimmune-help.com\/es\/wp-json\/wp\/v2\/pages\/543","targetHints":{"allow":["GET"]}}],"collection":[{"href":"https:\/\/www.autoimmune-help.com\/es\/wp-json\/wp\/v2\/pages"}],"about":[{"href":"https:\/\/www.autoimmune-help.com\/es\/wp-json\/wp\/v2\/types\/page"}],"author":[{"embeddable":true,"href":"https:\/\/www.autoimmune-help.com\/es\/wp-json\/wp\/v2\/users\/2"}],"replies":[{"embeddable":true,"href":"https:\/\/www.autoimmune-help.com\/es\/wp-json\/wp\/v2\/comments?post=543"}],"version-history":[{"count":1,"href":"https:\/\/www.autoimmune-help.com\/es\/wp-json\/wp\/v2\/pages\/543\/revisions"}],"predecessor-version":[{"id":544,"href":"https:\/\/www.autoimmune-help.com\/es\/wp-json\/wp\/v2\/pages\/543\/revisions\/544"}],"wp:attachment":[{"href":"https:\/\/www.autoimmune-help.com\/es\/wp-json\/wp\/v2\/media?parent=543"}],"curies":[{"name":"wp","href":"https:\/\/api.w.org\/{rel}","templated":true}]}}